{"id":4,"date":"2024-10-24T18:26:07","date_gmt":"2024-10-24T18:26:07","guid":{"rendered":"https:\/\/northerlandstranslations.no\/home\/"},"modified":"2025-04-07T16:13:09","modified_gmt":"2025-04-07T16:13:09","slug":"hjem","status":"publish","type":"page","link":"https:\/\/northerlandstranslations.no\/no\/","title":{"rendered":"Hjem"},"content":{"rendered":"\n<div class=\"wp-block-group alignfull has-background has-global-padding is-layout-constrained wp-block-group-is-layout-constrained\" style=\"background-color:#f3f3f3\">\n<div class=\"wp-block-group alignwide is-horizontal is-content-justification-left is-nowrap is-layout-flex wp-container-core-group-is-layout-2 wp-block-group-is-layout-flex\" style=\"margin-top:0;margin-bottom:0;padding-top:var(--wp--preset--spacing--70);padding-bottom:var(--wp--preset--spacing--80)\">\n<div class=\"wp-block-group wp-container-content-1 is-vertical is-content-justification-left is-nowrap is-layout-flex wp-container-core-group-is-layout-1 wp-block-group-is-layout-flex\">\n<div class=\"wp-block-columns is-layout-flex wp-container-core-columns-is-layout-1 wp-block-columns-is-layout-flex\">\n<div class=\"wp-block-column is-layout-flow wp-block-column-is-layout-flow\">\n<h1 class=\"wp-block-heading hostinger-ai-title has-dark-color has-text-color has-link-color has-instrument-sans-font-family wp-elements-a87e298adf10bdfd1e01dbc67638fa7e\" style=\"margin-top:0;margin-right:0;margin-bottom:0;margin-left:0;font-size:clamp(32.518px, 2.032rem + ((1vw - 3.2px) * 3.267), 58px);\">Statsautorisert oversetter og kvalifisert tolk<\/h1>\n\n\n\n<p class=\"hostinger-ai-description has-dark-color has-text-color has-link-color has-large-font-size wp-elements-5d52744f7e46262c38fe95591f906865\" style=\"margin-top:var(--wp--preset--spacing--30);margin-right:var(--wp--preset--spacing--60);margin-bottom:0\">Som statsautorisert translat\u00f8r kan jeg levere autoriserte oversettelser av offisielle dokumenter (f\u00f8dselsattester, vigselsattester, vitnem\u00e5l osv.). Jeg er ogs\u00e5 oppf\u00f8rt i Nasjonalt tolkeregister som kvalifisert tolk.<\/p>\n\n\n\n<div class=\"wp-block-buttons is-content-justification-left is-layout-flex wp-container-core-buttons-is-layout-1 wp-block-buttons-is-layout-flex\">\n<div class=\"wp-block-button has-custom-width wp-block-button__width-75 has-custom-font-size is-style-fill has-medium-font-size\"><a class=\"wp-block-button__link has-color-2-color has-light-background-color has-text-color has-background has-link-color wp-element-button\" href=\"https:\/\/northerlandstranslations.no\/bestill-oversettelse\/\" style=\"border-style:none;border-width:0px;border-radius:5px;padding-right:0;padding-left:0;box-shadow:none\">Bestill oversettelse!<\/a><\/div>\n<\/div>\n<\/div>\n\n\n\n<div class=\"wp-block-column is-layout-flow wp-block-column-is-layout-flow\">\n<figure class=\"wp-block-image size-full has-custom-border\"><img loading=\"lazy\" decoding=\"async\" width=\"640\" height=\"470\" src=\"https:\/\/northerlandstranslations-nl.preview-domain.com\/wp-content\/uploads\/2024\/10\/NO-NL-Flagg.webp\" alt=\"\" class=\"wp-image-22\" style=\"border-radius:5px\" srcset=\"https:\/\/northerlandstranslations.no\/wp-content\/uploads\/2024\/10\/NO-NL-Flagg.webp 640w, https:\/\/northerlandstranslations.no\/wp-content\/uploads\/2024\/10\/NO-NL-Flagg-300x220.webp 300w\" sizes=\"auto, (max-width: 640px) 100vw, 640px\" \/><\/figure>\n<\/div>\n<\/div>\n\n\n\n<hr class=\"wp-block-separator has-alpha-channel-opacity\" style=\"margin-top:var(--wp--preset--spacing--30);margin-bottom:var(--wp--preset--spacing--30)\"\/>\n<\/div>\n<\/div>\n<\/div>\n\n\n\n<div class=\"wp-block-group alignfull has-global-padding is-layout-constrained wp-block-group-is-layout-constrained\" style=\"padding-top:var(--wp--preset--spacing--50);padding-bottom:var(--wp--preset--spacing--70)\">\n<div class=\"wp-block-group alignwide has-global-padding is-content-justification-left is-layout-constrained wp-container-core-group-is-layout-8 wp-block-group-is-layout-constrained\">\n<h2 class=\"wp-block-heading is-style-default hostinger-ai-title has-dark-color has-text-color has-link-color has-x-large-font-size wp-elements-4635e7a8a3e3ce11a9ae7f7eed391ed9\" style=\"margin-bottom:var(--wp--preset--spacing--50)\">Tjenester<\/h2>\n\n\n\n<div class=\"wp-block-group alignwide is-layout-grid wp-container-core-group-is-layout-7 wp-block-group-is-layout-grid\">\n<div class=\"wp-block-group has-global-padding is-layout-constrained wp-container-core-group-is-layout-4 wp-block-group-is-layout-constrained\" style=\"padding-right:var(--wp--preset--spacing--20);padding-left:var(--wp--preset--spacing--20)\">\n<figure class=\"wp-block-image size-full has-custom-border hostinger-ai-service-image hostinger-index-1\"><img loading=\"lazy\" decoding=\"async\" width=\"884\" height=\"594\" src=\"https:\/\/northerlandstranslations-no.preview-domain.com\/wp-content\/uploads\/2024\/11\/oversetter2.webp\" alt=\"\" class=\"wp-image-85\" style=\"border-radius:5px\" srcset=\"https:\/\/northerlandstranslations.no\/wp-content\/uploads\/2024\/11\/oversetter2.webp 884w, https:\/\/northerlandstranslations.no\/wp-content\/uploads\/2024\/11\/oversetter2-300x202.webp 300w, https:\/\/northerlandstranslations.no\/wp-content\/uploads\/2024\/11\/oversetter2-768x516.webp 768w\" sizes=\"auto, (max-width: 884px) 100vw, 884px\" \/><\/figure>\n\n\n\n<h2 class=\"wp-block-heading\">Oversettelser<\/h2>\n\n\n\n<p class=\"hostinger-ai-service-description hostinger-index-1 has-dark-color has-text-color has-link-color has-medium-font-size wp-elements-347b0dc68a0a5320745ff6413e8968fd\" style=\"margin-top:var(--wp--preset--spacing--40)\">Jeg oversetter alle mulige slags tekster for det offentlige, n\u00e6ringslivet og privatkunder. Dersom mulig, benytter jeg moderne programvare. Du f\u00e5r alltid et pristilbud og en leveringsdato. Oversettelsen leveres i samme format og layout som det opprinnelige dokumentet.<\/p>\n<\/div>\n\n\n\n<div class=\"wp-block-group has-global-padding is-layout-constrained wp-container-core-group-is-layout-5 wp-block-group-is-layout-constrained\" style=\"padding-top:0;padding-right:var(--wp--preset--spacing--20);padding-bottom:0;padding-left:var(--wp--preset--spacing--20)\">\n<figure class=\"wp-block-image size-full has-custom-border hostinger-ai-service-image\"><img loading=\"lazy\" decoding=\"async\" width=\"884\" height=\"594\" src=\"https:\/\/northerlandstranslations-no.preview-domain.com\/wp-content\/uploads\/2024\/10\/Stempler.webp\" alt=\"\" class=\"wp-image-46\" style=\"border-radius:5px\" srcset=\"https:\/\/northerlandstranslations.no\/wp-content\/uploads\/2024\/10\/Stempler.webp 884w, https:\/\/northerlandstranslations.no\/wp-content\/uploads\/2024\/10\/Stempler-300x202.webp 300w, https:\/\/northerlandstranslations.no\/wp-content\/uploads\/2024\/10\/Stempler-768x516.webp 768w\" sizes=\"auto, (max-width: 884px) 100vw, 884px\" \/><\/figure>\n\n\n\n<h2 class=\"wp-block-heading\">Autoriserte oversettelser<\/h2>\n\n\n\n<p class=\"hostinger-ai-service-description has-dark-color has-text-color has-link-color has-medium-font-size wp-elements-d08439c1ff2aaf54aa5ffc15566790c3\" style=\"margin-top:var(--wp--preset--spacing--40)\">Noen ganger kreves det at en oversettelse autoriseres. Da m\u00e5 den stemples av en autorisert oversetter. Dette gjelder for vitnem\u00e5l, attester, juridiske dokumenter m.m.<\/p>\n<\/div>\n\n\n\n<div class=\"wp-block-group wp-container-content-2 has-global-padding is-layout-constrained wp-container-core-group-is-layout-6 wp-block-group-is-layout-constrained\" style=\"padding-right:var(--wp--preset--spacing--20);padding-left:var(--wp--preset--spacing--20)\">\n<figure class=\"wp-block-image size-full has-custom-border hostinger-ai-service-image hostinger-index-1\"><img loading=\"lazy\" decoding=\"async\" width=\"884\" height=\"594\" src=\"https:\/\/northerlandstranslations-nl.preview-domain.com\/wp-content\/uploads\/2024\/11\/oversetter-1.webp\" alt=\"\" class=\"wp-image-149\" style=\"border-radius:5px\" srcset=\"https:\/\/northerlandstranslations.no\/wp-content\/uploads\/2024\/11\/oversetter-1.webp 884w, https:\/\/northerlandstranslations.no\/wp-content\/uploads\/2024\/11\/oversetter-1-300x202.webp 300w, https:\/\/northerlandstranslations.no\/wp-content\/uploads\/2024\/11\/oversetter-1-768x516.webp 768w\" sizes=\"auto, (max-width: 884px) 100vw, 884px\" \/><\/figure>\n\n\n\n<h2 class=\"wp-block-heading\">Tolkeoppdrag<\/h2>\n\n\n\n<p class=\"hostinger-ai-service-description hostinger-index-2 has-dark-color has-text-color has-link-color has-medium-font-size wp-elements-9f24c66f08fca47c8d1323ecb64b6ce7\" style=\"margin-top:var(--wp--preset--spacing--40)\">Jeg blir innkalt som tolk til ulike offentlige oppdrag: av politiet, advokatkontorer, rettsvesenet, helsevesenet, skolevesenet og sosialtjenestene. Enten via telefon eller ved personlig oppm\u00f8te.<\/p>\n<\/div>\n<\/div>\n<\/div>\n<\/div>\n\n\n\n<div class=\"wp-block-group alignfull hostinger-ai-solid-block has-background has-global-padding is-layout-constrained wp-block-group-is-layout-constrained\" style=\"background-color:#f3f3f3;padding-top:var(--wp--preset--spacing--60);padding-bottom:var(--wp--preset--spacing--60)\">\n<div class=\"wp-block-group alignwide is-vertical is-content-justification-center is-nowrap is-layout-flex wp-container-core-group-is-layout-11 wp-block-group-is-layout-flex\" style=\"min-height:0px;padding-top:var(--wp--preset--spacing--60);padding-bottom:var(--wp--preset--spacing--60)\">\n<div class=\"wp-block-group wp-container-content-3 has-global-padding is-content-justification-center is-layout-constrained wp-container-core-group-is-layout-10 wp-block-group-is-layout-constrained\">\n<h2 class=\"wp-block-heading has-text-align-center hostinger-ai-title has-dark-color has-text-color has-link-color has-x-large-font-size wp-elements-05a94a0fed3d5183120cdec62f0dee99\" style=\"margin-top:0;margin-right:0;margin-bottom:0;margin-left:0\">Sp\u00f8rsm\u00e5l?<\/h2>\n\n\n\n<p class=\"has-text-align-center hostinger-ai-description has-dark-color has-text-color has-link-color has-medium-font-size wp-elements-856828356c94c6aebf0de34c2ed9d401\" style=\"margin-top:var(--wp--preset--spacing--20);margin-bottom:var(--wp--preset--spacing--50)\">Har du sp\u00f8rsm\u00e5l om oversettelse til og fra nederlandsk? Lurer du p\u00e5 om du trenger en autorisert oversettelse eller ikke? Trenger du en nederlandsk tolk?<\/p>\n\n\n\n<div class=\"wp-block-buttons is-content-justification-center is-layout-flex wp-container-core-buttons-is-layout-2 wp-block-buttons-is-layout-flex\">\n<div class=\"wp-block-button has-custom-font-size hostinger-ai-cta-button is-style-outline has-medium-font-size is-style-outline--1\"><a class=\"wp-block-button__link has-color-2-color has-black-background-color has-text-color has-background has-link-color wp-element-button\" href=\"https:\/\/northerlandstranslations.no\/kontakt\/\" style=\"border-style:none;border-width:0px;border-radius:5px;padding-top:var(--wp--preset--spacing--30);padding-right:var(--wp--preset--spacing--70);padding-bottom:var(--wp--preset--spacing--30);padding-left:var(--wp--preset--spacing--70);box-shadow:none\">Send meg en melding!<\/a><\/div>\n<\/div>\n<\/div>\n<\/div>\n<\/div>\n\n\n\n<div class=\"wp-block-group alignwide has-global-padding is-layout-constrained wp-block-group-is-layout-constrained\" style=\"padding-top:var(--wp--preset--spacing--60);padding-bottom:var(--wp--preset--spacing--60)\">\n<div class=\"wp-block-columns alignwide is-layout-flex wp-container-core-columns-is-layout-2 wp-block-columns-is-layout-flex\">\n<div class=\"wp-block-column is-layout-flow wp-block-column-is-layout-flow\" style=\"flex-basis:33.33%\">\n<figure class=\"wp-block-image size-large has-custom-border\"><img loading=\"lazy\" decoding=\"async\" width=\"1024\" height=\"769\" src=\"https:\/\/northerlandstranslations-nl.preview-domain.com\/wp-content\/uploads\/2024\/11\/Geale-1-1024x769.webp\" alt=\"\" class=\"wp-image-96\" style=\"border-radius:5px\" srcset=\"https:\/\/northerlandstranslations.no\/wp-content\/uploads\/2024\/11\/Geale-1-1024x769.webp 1024w, https:\/\/northerlandstranslations.no\/wp-content\/uploads\/2024\/11\/Geale-1-300x225.webp 300w, https:\/\/northerlandstranslations.no\/wp-content\/uploads\/2024\/11\/Geale-1-768x577.webp 768w, https:\/\/northerlandstranslations.no\/wp-content\/uploads\/2024\/11\/Geale-1-1536x1154.webp 1536w, https:\/\/northerlandstranslations.no\/wp-content\/uploads\/2024\/11\/Geale-1-2048x1539.webp 2048w\" sizes=\"auto, (max-width: 1024px) 100vw, 1024px\" \/><\/figure>\n<\/div>\n\n\n\n<div class=\"wp-block-column is-layout-flow wp-block-column-is-layout-flow\" style=\"flex-basis:66.66%\">\n<h2 class=\"wp-block-heading alignfull has-text-align-left hostinger-ai-title has-dark-color has-text-color has-link-color has-x-large-font-size wp-elements-8432990982bd9733381f48cab1bee9e6\" style=\"margin-bottom:0\">Hvem er jeg?<\/h2>\n\n\n\n<p>Mitt navn er Geale de Vries. Jeg har jobbet som frilans oversetter og tolk siden 1987. Jeg er f\u00f8dt i Nederland, men har bodd i Norge i mer enn 25 \u00e5r. Min lidenskap er spr\u00e5k og kommunikasjon, og jeg er stolt over \u00e5 kunne bidra til at spr\u00e5kbarrierer slettes ved hjelp av gode oversettelser.<\/p>\n\n\n\n<div class=\"wp-block-buttons is-content-justification-left is-layout-flex wp-container-core-buttons-is-layout-3 wp-block-buttons-is-layout-flex\">\n<div class=\"wp-block-button has-custom-font-size is-style-outline has-medium-font-size is-style-outline--2\"><a class=\"wp-block-button__link has-color-2-color has-black-background-color has-text-color has-background has-link-color wp-element-button\" href=\"https:\/\/northerlandstranslations.no\/om-meg\/\" style=\"border-style:none;border-width:0px;border-radius:5px;padding-top:var(--wp--preset--spacing--30);padding-right:var(--wp--preset--spacing--60);padding-bottom:var(--wp--preset--spacing--30);padding-left:var(--wp--preset--spacing--60);box-shadow:none\">Les mer \u279e<\/a><\/div>\n<\/div>\n<\/div>\n<\/div>\n<\/div>\n","protected":false},"excerpt":{"rendered":"<p>Statsautorisert oversetter og kvalifisert tolk Som statsautorisert translat\u00f8r kan jeg levere autoriserte oversettelser av offisielle dokumenter (f\u00f8dselsattester, vigselsattester, vitnem\u00e5l osv.). Jeg er ogs\u00e5 oppf\u00f8rt i Nasjonalt tolkeregister som kvalifisert tolk. Tjenester Oversettelser Jeg oversetter alle mulige slags tekster for det offentlige, n\u00e6ringslivet og privatkunder. Dersom mulig, benytter jeg moderne programvare. Du f\u00e5r alltid et pristilbud [&hellip;]<\/p>\n","protected":false},"author":1,"featured_media":0,"parent":0,"menu_order":0,"comment_status":"closed","ping_status":"closed","template":"","meta":{"footnotes":""},"class_list":["post-4","page","type-page","status-publish","hentry"],"yoast_head":"<!-- This site is optimized with the Yoast SEO plugin v24.6 - https:\/\/yoast.com\/wordpress\/plugins\/seo\/ -->\n<title>Hjem - Northerlands Translations AS<\/title>\n<meta name=\"robots\" content=\"index, follow, max-snippet:-1, max-image-preview:large, max-video-preview:-1\" \/>\n<link rel=\"canonical\" href=\"https:\/\/northerlandstranslations.no\/no\/\" \/>\n<meta property=\"og:locale\" content=\"nb_NO\" \/>\n<meta property=\"og:type\" content=\"article\" \/>\n<meta property=\"og:title\" content=\"Hjem - Northerlands Translations AS\" \/>\n<meta property=\"og:description\" content=\"Statsautorisert oversetter og kvalifisert tolk Som statsautorisert translat\u00f8r kan jeg levere autoriserte oversettelser av offisielle dokumenter (f\u00f8dselsattester, vigselsattester, vitnem\u00e5l osv.). Jeg er ogs\u00e5 oppf\u00f8rt i Nasjonalt tolkeregister som kvalifisert tolk. Tjenester Oversettelser Jeg oversetter alle mulige slags tekster for det offentlige, n\u00e6ringslivet og privatkunder. Dersom mulig, benytter jeg moderne programvare. Du f\u00e5r alltid et pristilbud [&hellip;]\" \/>\n<meta property=\"og:url\" content=\"https:\/\/northerlandstranslations.no\/no\/\" \/>\n<meta property=\"og:site_name\" content=\"Northerlands Translations AS\" \/>\n<meta property=\"article:modified_time\" content=\"2025-04-07T16:13:09+00:00\" \/>\n<meta property=\"og:image\" content=\"https:\/\/northerlandstranslations.no\/wp-content\/uploads\/2024\/10\/NO-NL-Flagg.webp\" \/>\n\t<meta property=\"og:image:width\" content=\"640\" \/>\n\t<meta property=\"og:image:height\" content=\"470\" \/>\n\t<meta property=\"og:image:type\" content=\"image\/webp\" \/>\n<meta name=\"twitter:card\" content=\"summary_large_image\" \/>\n<meta name=\"twitter:label1\" content=\"Ansl. lesetid\" \/>\n\t<meta name=\"twitter:data1\" content=\"1 minutt\" \/>\n<script type=\"application\/ld+json\" class=\"yoast-schema-graph\">{\"@context\":\"https:\/\/schema.org\",\"@graph\":[{\"@type\":\"WebPage\",\"@id\":\"https:\/\/northerlandstranslations.no\/\",\"url\":\"https:\/\/northerlandstranslations.no\/\",\"name\":\"Hjem - Northerlands Translations AS\",\"isPartOf\":{\"@id\":\"https:\/\/northerlandstranslations.no\/no\/#website\"},\"primaryImageOfPage\":{\"@id\":\"https:\/\/northerlandstranslations.no\/#primaryimage\"},\"image\":{\"@id\":\"https:\/\/northerlandstranslations.no\/#primaryimage\"},\"thumbnailUrl\":\"https:\/\/northerlandstranslations-nl.preview-domain.com\/wp-content\/uploads\/2024\/10\/NO-NL-Flagg.webp\",\"datePublished\":\"2024-10-24T18:26:07+00:00\",\"dateModified\":\"2025-04-07T16:13:09+00:00\",\"breadcrumb\":{\"@id\":\"https:\/\/northerlandstranslations.no\/#breadcrumb\"},\"inLanguage\":\"nb-NO\",\"potentialAction\":[{\"@type\":\"ReadAction\",\"target\":[\"https:\/\/northerlandstranslations.no\/\"]}]},{\"@type\":\"ImageObject\",\"inLanguage\":\"nb-NO\",\"@id\":\"https:\/\/northerlandstranslations.no\/#primaryimage\",\"url\":\"https:\/\/northerlandstranslations-nl.preview-domain.com\/wp-content\/uploads\/2024\/10\/NO-NL-Flagg.webp\",\"contentUrl\":\"https:\/\/northerlandstranslations-nl.preview-domain.com\/wp-content\/uploads\/2024\/10\/NO-NL-Flagg.webp\"},{\"@type\":\"BreadcrumbList\",\"@id\":\"https:\/\/northerlandstranslations.no\/#breadcrumb\",\"itemListElement\":[{\"@type\":\"ListItem\",\"position\":1,\"name\":\"Hjem\",\"item\":\"https:\/\/northerlandstranslations.no\/\"},{\"@type\":\"ListItem\",\"position\":2,\"name\":\"Hjem\"}]},{\"@type\":\"WebSite\",\"@id\":\"https:\/\/northerlandstranslations.no\/no\/#website\",\"url\":\"https:\/\/northerlandstranslations.no\/no\/\",\"name\":\"Northerlands Translations AS\",\"description\":\"Statsautorisert oversetter og kvalifisert tolk\",\"publisher\":{\"@id\":\"https:\/\/northerlandstranslations.no\/no\/#organization\"},\"potentialAction\":[{\"@type\":\"SearchAction\",\"target\":{\"@type\":\"EntryPoint\",\"urlTemplate\":\"https:\/\/northerlandstranslations.no\/no\/?s={search_term_string}\"},\"query-input\":{\"@type\":\"PropertyValueSpecification\",\"valueRequired\":true,\"valueName\":\"search_term_string\"}}],\"inLanguage\":\"nb-NO\"},{\"@type\":\"Organization\",\"@id\":\"https:\/\/northerlandstranslations.no\/no\/#organization\",\"name\":\"Northerlands Translations AS\",\"url\":\"https:\/\/northerlandstranslations.no\/no\/\",\"logo\":{\"@type\":\"ImageObject\",\"inLanguage\":\"nb-NO\",\"@id\":\"https:\/\/northerlandstranslations.no\/no\/#\/schema\/logo\/image\/\",\"url\":\"https:\/\/northerlandstranslations.no\/wp-content\/uploads\/2024\/11\/Northerlands-Translations-Logo.webp\",\"contentUrl\":\"https:\/\/northerlandstranslations.no\/wp-content\/uploads\/2024\/11\/Northerlands-Translations-Logo.webp\",\"width\":771,\"height\":220,\"caption\":\"Northerlands Translations AS\"},\"image\":{\"@id\":\"https:\/\/northerlandstranslations.no\/no\/#\/schema\/logo\/image\/\"}}]}<\/script>\n<!-- \/ Yoast SEO plugin. -->","yoast_head_json":{"title":"Hjem - Northerlands Translations AS","robots":{"index":"index","follow":"follow","max-snippet":"max-snippet:-1","max-image-preview":"max-image-preview:large","max-video-preview":"max-video-preview:-1"},"canonical":"https:\/\/northerlandstranslations.no\/no\/","og_locale":"nb_NO","og_type":"article","og_title":"Hjem - Northerlands Translations AS","og_description":"Statsautorisert oversetter og kvalifisert tolk Som statsautorisert translat\u00f8r kan jeg levere autoriserte oversettelser av offisielle dokumenter (f\u00f8dselsattester, vigselsattester, vitnem\u00e5l osv.). Jeg er ogs\u00e5 oppf\u00f8rt i Nasjonalt tolkeregister som kvalifisert tolk. Tjenester Oversettelser Jeg oversetter alle mulige slags tekster for det offentlige, n\u00e6ringslivet og privatkunder. Dersom mulig, benytter jeg moderne programvare. Du f\u00e5r alltid et pristilbud [&hellip;]","og_url":"https:\/\/northerlandstranslations.no\/no\/","og_site_name":"Northerlands Translations AS","article_modified_time":"2025-04-07T16:13:09+00:00","og_image":[{"width":640,"height":470,"url":"https:\/\/northerlandstranslations.no\/wp-content\/uploads\/2024\/10\/NO-NL-Flagg.webp","type":"image\/webp"}],"twitter_card":"summary_large_image","twitter_misc":{"Ansl. lesetid":"1 minutt"},"schema":{"@context":"https:\/\/schema.org","@graph":[{"@type":"WebPage","@id":"https:\/\/northerlandstranslations.no\/","url":"https:\/\/northerlandstranslations.no\/","name":"Hjem - Northerlands Translations AS","isPartOf":{"@id":"https:\/\/northerlandstranslations.no\/no\/#website"},"primaryImageOfPage":{"@id":"https:\/\/northerlandstranslations.no\/#primaryimage"},"image":{"@id":"https:\/\/northerlandstranslations.no\/#primaryimage"},"thumbnailUrl":"https:\/\/northerlandstranslations-nl.preview-domain.com\/wp-content\/uploads\/2024\/10\/NO-NL-Flagg.webp","datePublished":"2024-10-24T18:26:07+00:00","dateModified":"2025-04-07T16:13:09+00:00","breadcrumb":{"@id":"https:\/\/northerlandstranslations.no\/#breadcrumb"},"inLanguage":"nb-NO","potentialAction":[{"@type":"ReadAction","target":["https:\/\/northerlandstranslations.no\/"]}]},{"@type":"ImageObject","inLanguage":"nb-NO","@id":"https:\/\/northerlandstranslations.no\/#primaryimage","url":"https:\/\/northerlandstranslations-nl.preview-domain.com\/wp-content\/uploads\/2024\/10\/NO-NL-Flagg.webp","contentUrl":"https:\/\/northerlandstranslations-nl.preview-domain.com\/wp-content\/uploads\/2024\/10\/NO-NL-Flagg.webp"},{"@type":"BreadcrumbList","@id":"https:\/\/northerlandstranslations.no\/#breadcrumb","itemListElement":[{"@type":"ListItem","position":1,"name":"Hjem","item":"https:\/\/northerlandstranslations.no\/"},{"@type":"ListItem","position":2,"name":"Hjem"}]},{"@type":"WebSite","@id":"https:\/\/northerlandstranslations.no\/no\/#website","url":"https:\/\/northerlandstranslations.no\/no\/","name":"Northerlands Translations AS","description":"Statsautorisert oversetter og kvalifisert tolk","publisher":{"@id":"https:\/\/northerlandstranslations.no\/no\/#organization"},"potentialAction":[{"@type":"SearchAction","target":{"@type":"EntryPoint","urlTemplate":"https:\/\/northerlandstranslations.no\/no\/?s={search_term_string}"},"query-input":{"@type":"PropertyValueSpecification","valueRequired":true,"valueName":"search_term_string"}}],"inLanguage":"nb-NO"},{"@type":"Organization","@id":"https:\/\/northerlandstranslations.no\/no\/#organization","name":"Northerlands Translations AS","url":"https:\/\/northerlandstranslations.no\/no\/","logo":{"@type":"ImageObject","inLanguage":"nb-NO","@id":"https:\/\/northerlandstranslations.no\/no\/#\/schema\/logo\/image\/","url":"https:\/\/northerlandstranslations.no\/wp-content\/uploads\/2024\/11\/Northerlands-Translations-Logo.webp","contentUrl":"https:\/\/northerlandstranslations.no\/wp-content\/uploads\/2024\/11\/Northerlands-Translations-Logo.webp","width":771,"height":220,"caption":"Northerlands Translations AS"},"image":{"@id":"https:\/\/northerlandstranslations.no\/no\/#\/schema\/logo\/image\/"}}]}},"_links":{"self":[{"href":"https:\/\/northerlandstranslations.no\/no\/wp-json\/wp\/v2\/pages\/4","targetHints":{"allow":["GET"]}}],"collection":[{"href":"https:\/\/northerlandstranslations.no\/no\/wp-json\/wp\/v2\/pages"}],"about":[{"href":"https:\/\/northerlandstranslations.no\/no\/wp-json\/wp\/v2\/types\/page"}],"author":[{"embeddable":true,"href":"https:\/\/northerlandstranslations.no\/no\/wp-json\/wp\/v2\/users\/1"}],"replies":[{"embeddable":true,"href":"https:\/\/northerlandstranslations.no\/no\/wp-json\/wp\/v2\/comments?post=4"}],"version-history":[{"count":108,"href":"https:\/\/northerlandstranslations.no\/no\/wp-json\/wp\/v2\/pages\/4\/revisions"}],"predecessor-version":[{"id":426,"href":"https:\/\/northerlandstranslations.no\/no\/wp-json\/wp\/v2\/pages\/4\/revisions\/426"}],"wp:attachment":[{"href":"https:\/\/northerlandstranslations.no\/no\/wp-json\/wp\/v2\/media?parent=4"}],"curies":[{"name":"wp","href":"https:\/\/api.w.org\/{rel}","templated":true}]}}