{"id":7,"date":"2024-10-24T18:26:07","date_gmt":"2024-10-24T18:26:07","guid":{"rendered":"https:\/\/northerlandstranslations.no\/contact\/"},"modified":"2025-01-19T11:30:12","modified_gmt":"2025-01-19T11:30:12","slug":"kontakt","status":"publish","type":"page","link":"https:\/\/northerlandstranslations.no\/no\/kontakt\/","title":{"rendered":"Kontakt"},"content":{"rendered":"\n<div class=\"wp-block-group alignfull has-global-padding is-layout-constrained wp-block-group-is-layout-constrained\" style=\"margin-bottom:var(--wp--preset--spacing--80)\">\n<div class=\"wp-block-group alignwide is-layout-grid wp-container-core-group-is-layout-3 wp-block-group-is-layout-grid\">\n<div class=\"wp-block-columns are-vertically-aligned-center is-layout-flex wp-container-core-columns-is-layout-1 wp-block-columns-is-layout-flex\" style=\"padding-top:0;padding-bottom:0\">\n<div class=\"wp-block-column is-vertically-aligned-center is-layout-flow wp-container-core-column-is-layout-1 wp-block-column-is-layout-flow\" style=\"flex-basis:100%\">\n<div class=\"wp-block-group has-global-padding is-layout-constrained wp-container-core-group-is-layout-1 wp-block-group-is-layout-constrained\">\n<p class=\"has-large-font-size\">Ring eller send e-post ved generelle sp\u00f8rsm\u00e5l eller sp\u00f8rsm\u00e5l om l\u00f8pende jobber.<\/p>\n\n\n\n<figure class=\"wp-block-image size-large has-custom-border hostinger-ai-image\"><img decoding=\"async\" src=\"https:\/\/g.acdn.no\/obscura\/API\/dynamic\/r1\/ece5\/tr_1000_2000_s_f\/0000\/hald\/2019\/3\/7\/20\/11LED_01-01-IMG_7190.jpg?chk=F10F80\" alt=\"\" style=\"border-radius:8px\"\/><\/figure>\n\n\n\n<p><strong>Geale De Vries<\/strong><br><a href=\"mailto:gealedevries@online.no\">gealedevries@online.no<\/a><br><a href=\"tel:004797430196\">+47 974 30 196<\/a><\/p>\n<\/div>\n<\/div>\n<\/div>\n\n\n\n<div class=\"wp-block-group is-vertical is-layout-flex wp-container-core-group-is-layout-2 wp-block-group-is-layout-flex\" style=\"margin-top:0;margin-bottom:0\"><p><div class=\"forminator-ui forminator-custom-form forminator-custom-form-327 forminator-design--default  forminator_ajax\" data-forminator-render=\"0\" data-form=\"forminator-module-327\" data-uid=\"69ecbf18a0880\"><br\/><\/div><form\n\t\t\t\tid=\"forminator-module-327\"\n\t\t\t\tclass=\"forminator-ui forminator-custom-form forminator-custom-form-327 forminator-design--default  forminator_ajax\"\n\t\t\t\tmethod=\"post\"\n\t\t\t\tdata-forminator-render=\"0\"\n\t\t\t\tdata-form-id=\"327\"\n\t\t\t\t data-color-option=\"theme\" data-design=\"default\" data-grid=\"open\" style=\"display: none;\"\n\t\t\t\tdata-uid=\"69ecbf18a0880\"\n\t\t\t><div role=\"alert\" aria-live=\"polite\" class=\"forminator-response-message forminator-error\" aria-hidden=\"true\"><\/div><div class=\"forminator-row\"><div id=\"name-1\" class=\"forminator-field-name forminator-col forminator-col-12 \"><div class=\"forminator-field\"><label for=\"forminator-field-name-1_69ecbf18a0880\" id=\"forminator-field-name-1_69ecbf18a0880-label\" class=\"forminator-label\">Navn <span class=\"forminator-required\">*<\/span><\/label><input type=\"text\" name=\"name-1\" value=\"\" placeholder=\"\" id=\"forminator-field-name-1_69ecbf18a0880\" class=\"forminator-input forminator-name--field\" aria-required=\"true\" autocomplete=\"name\" \/><\/div><\/div><\/div><div class=\"forminator-row\"><div id=\"email-1\" class=\"forminator-field-email forminator-col forminator-col-12 \"><div class=\"forminator-field\"><label for=\"forminator-field-email-1_69ecbf18a0880\" id=\"forminator-field-email-1_69ecbf18a0880-label\" class=\"forminator-label\">E-post <span class=\"forminator-required\">*<\/span><\/label><input type=\"email\" name=\"email-1\" value=\"\" placeholder=\"\" id=\"forminator-field-email-1_69ecbf18a0880\" class=\"forminator-input forminator-email--field\" data-required=\"true\" aria-required=\"true\" autocomplete=\"email\" \/><\/div><\/div><\/div><div class=\"forminator-row\"><div id=\"textarea-1\" class=\"forminator-field-textarea forminator-col forminator-col-12 \"><div class=\"forminator-field\"><label for=\"forminator-field-textarea-1_69ecbf18a0880\" id=\"forminator-field-textarea-1_69ecbf18a0880-label\" class=\"forminator-label\">Melding <span class=\"forminator-required\">*<\/span><\/label><textarea name=\"textarea-1\" placeholder=\"Skriv din melding her...\" id=\"forminator-field-textarea-1_69ecbf18a0880\" class=\"forminator-textarea\" rows=\"6\" style=\"--forminator-textarea-min-height:200px;\" maxlength=\"1000\" ><\/textarea><span id=\"forminator-field-textarea-1_69ecbf18a0880-description\" class=\"forminator-description\"><span data-limit=\"1000\" data-type=\"characters\" data-editor=\"\">0 \/ 1000<\/span><\/span><\/div><\/div><\/div><div class=\"forminator-row\"><div id=\"captcha-1\" class=\"forminator-field-captcha forminator-col forminator-col-12 \"><div class=\"forminator-captcha-left forminator-g-recaptcha\" data-theme=\"light\"  data-sitekey=\"6LffGTAsAAAAAHlVuVSm4KDxkjesw7bTy4Ex0okN\" data-size=\"normal\"><\/div> <\/div><\/div><input type=\"hidden\" name=\"referer_url\" value=\"\" \/><div class=\"forminator-row forminator-row-last\"><div class=\"forminator-col\"><div class=\"forminator-field\"><button class=\"forminator-button forminator-button-submit\">Send<\/button><\/div><\/div><\/div><input type=\"hidden\" id=\"forminator_nonce\" name=\"forminator_nonce\" value=\"749c615746\" \/><input type=\"hidden\" name=\"_wp_http_referer\" value=\"\/no\/wp-json\/wp\/v2\/pages\/7\" \/><input type=\"hidden\" name=\"form_id\" value=\"327\"><input type=\"hidden\" name=\"page_id\" value=\"7\"><input type=\"hidden\" name=\"form_type\" value=\"default\"><input type=\"hidden\" name=\"current_url\" value=\"https:\/\/northerlandstranslations.no\/no\/kontakt\/\"><input type=\"hidden\" name=\"render_id\" value=\"0\"><input type=\"hidden\" name=\"action\" value=\"forminator_submit_form_custom-forms\"><label for=\"input_4\" class=\"forminator-hidden\" aria-hidden=\"true\">Please do not fill in this field. <input id=\"input_4\" type=\"text\" name=\"input_4\" value=\"\" autocomplete=\"off\"><\/label><\/form><\/p>\n\n\n\n<p class=\"has-text-align-center\">Informasjonen behandles i henhold til v\u00e5r&nbsp;<a href=\"\/personvern\/\" data-type=\"page\" data-id=\"3\" target=\"_blank\" rel=\"noreferrer noopener\"><strong>personvernerkl\u00e6ring<\/strong>.<\/a><\/p>\n\n\n\n<p><\/p>\n<\/div>\n<\/div>\n<\/div>\n","protected":false},"excerpt":{"rendered":"<p>Ring eller send e-post ved generelle sp\u00f8rsm\u00e5l eller sp\u00f8rsm\u00e5l om l\u00f8pende jobber. Geale De Vriesgealedevries@online.no+47 974 30 196 Informasjonen behandles i henhold til v\u00e5r&nbsp;personvernerkl\u00e6ring.<\/p>\n","protected":false},"author":1,"featured_media":0,"parent":0,"menu_order":0,"comment_status":"closed","ping_status":"closed","template":"","meta":{"footnotes":""},"class_list":["post-7","page","type-page","status-publish","hentry"],"yoast_head":"<!-- This site is optimized with the Yoast SEO plugin v24.6 - https:\/\/yoast.com\/wordpress\/plugins\/seo\/ -->\n<title>Kontakt - Northerlands Translations AS<\/title>\n<meta name=\"robots\" content=\"index, follow, max-snippet:-1, max-image-preview:large, max-video-preview:-1\" \/>\n<link rel=\"canonical\" href=\"https:\/\/northerlandstranslations.no\/no\/kontakt\/\" \/>\n<meta property=\"og:locale\" content=\"nb_NO\" \/>\n<meta property=\"og:type\" content=\"article\" \/>\n<meta property=\"og:title\" content=\"Kontakt - Northerlands Translations AS\" \/>\n<meta property=\"og:description\" content=\"Ring eller send e-post ved generelle sp\u00f8rsm\u00e5l eller sp\u00f8rsm\u00e5l om l\u00f8pende jobber. Geale De Vriesgealedevries@online.no+47 974 30 196 Informasjonen behandles i henhold til v\u00e5r&nbsp;personvernerkl\u00e6ring.\" \/>\n<meta property=\"og:url\" content=\"https:\/\/northerlandstranslations.no\/no\/kontakt\/\" \/>\n<meta property=\"og:site_name\" content=\"Northerlands Translations AS\" \/>\n<meta property=\"article:modified_time\" content=\"2025-01-19T11:30:12+00:00\" \/>\n<meta property=\"og:image\" content=\"https:\/\/g.acdn.no\/obscura\/API\/dynamic\/r1\/ece5\/tr_1000_2000_s_f\/0000\/hald\/2019\/3\/7\/20\/11LED_01-01-IMG_7190.jpg?chk=F10F80\" \/>\n<meta name=\"twitter:card\" content=\"summary_large_image\" \/>\n<script type=\"application\/ld+json\" class=\"yoast-schema-graph\">{\"@context\":\"https:\/\/schema.org\",\"@graph\":[{\"@type\":\"WebPage\",\"@id\":\"https:\/\/northerlandstranslations.no\/no\/kontakt\/\",\"url\":\"https:\/\/northerlandstranslations.no\/no\/kontakt\/\",\"name\":\"Kontakt - Northerlands Translations AS\",\"isPartOf\":{\"@id\":\"https:\/\/northerlandstranslations.no\/no\/#website\"},\"primaryImageOfPage\":{\"@id\":\"https:\/\/northerlandstranslations.no\/no\/kontakt\/#primaryimage\"},\"image\":{\"@id\":\"https:\/\/northerlandstranslations.no\/no\/kontakt\/#primaryimage\"},\"thumbnailUrl\":\"https:\/\/g.acdn.no\/obscura\/API\/dynamic\/r1\/ece5\/tr_1000_2000_s_f\/0000\/hald\/2019\/3\/7\/20\/11LED_01-01-IMG_7190.jpg?chk=F10F80\",\"datePublished\":\"2024-10-24T18:26:07+00:00\",\"dateModified\":\"2025-01-19T11:30:12+00:00\",\"breadcrumb\":{\"@id\":\"https:\/\/northerlandstranslations.no\/no\/kontakt\/#breadcrumb\"},\"inLanguage\":\"nb-NO\",\"potentialAction\":[{\"@type\":\"ReadAction\",\"target\":[\"https:\/\/northerlandstranslations.no\/no\/kontakt\/\"]}]},{\"@type\":\"ImageObject\",\"inLanguage\":\"nb-NO\",\"@id\":\"https:\/\/northerlandstranslations.no\/no\/kontakt\/#primaryimage\",\"url\":\"https:\/\/g.acdn.no\/obscura\/API\/dynamic\/r1\/ece5\/tr_1000_2000_s_f\/0000\/hald\/2019\/3\/7\/20\/11LED_01-01-IMG_7190.jpg?chk=F10F80\",\"contentUrl\":\"https:\/\/g.acdn.no\/obscura\/API\/dynamic\/r1\/ece5\/tr_1000_2000_s_f\/0000\/hald\/2019\/3\/7\/20\/11LED_01-01-IMG_7190.jpg?chk=F10F80\"},{\"@type\":\"BreadcrumbList\",\"@id\":\"https:\/\/northerlandstranslations.no\/no\/kontakt\/#breadcrumb\",\"itemListElement\":[{\"@type\":\"ListItem\",\"position\":1,\"name\":\"Hjem\",\"item\":\"https:\/\/northerlandstranslations.no\/\"},{\"@type\":\"ListItem\",\"position\":2,\"name\":\"Kontakt\"}]},{\"@type\":\"WebSite\",\"@id\":\"https:\/\/northerlandstranslations.no\/no\/#website\",\"url\":\"https:\/\/northerlandstranslations.no\/no\/\",\"name\":\"Northerlands Translations AS\",\"description\":\"Statsautorisert oversetter og kvalifisert tolk\",\"publisher\":{\"@id\":\"https:\/\/northerlandstranslations.no\/no\/#organization\"},\"potentialAction\":[{\"@type\":\"SearchAction\",\"target\":{\"@type\":\"EntryPoint\",\"urlTemplate\":\"https:\/\/northerlandstranslations.no\/no\/?s={search_term_string}\"},\"query-input\":{\"@type\":\"PropertyValueSpecification\",\"valueRequired\":true,\"valueName\":\"search_term_string\"}}],\"inLanguage\":\"nb-NO\"},{\"@type\":\"Organization\",\"@id\":\"https:\/\/northerlandstranslations.no\/no\/#organization\",\"name\":\"Northerlands Translations AS\",\"url\":\"https:\/\/northerlandstranslations.no\/no\/\",\"logo\":{\"@type\":\"ImageObject\",\"inLanguage\":\"nb-NO\",\"@id\":\"https:\/\/northerlandstranslations.no\/no\/#\/schema\/logo\/image\/\",\"url\":\"https:\/\/northerlandstranslations.no\/wp-content\/uploads\/2024\/11\/Northerlands-Translations-Logo.webp\",\"contentUrl\":\"https:\/\/northerlandstranslations.no\/wp-content\/uploads\/2024\/11\/Northerlands-Translations-Logo.webp\",\"width\":771,\"height\":220,\"caption\":\"Northerlands Translations AS\"},\"image\":{\"@id\":\"https:\/\/northerlandstranslations.no\/no\/#\/schema\/logo\/image\/\"}}]}<\/script>\n<!-- \/ Yoast SEO plugin. -->","yoast_head_json":{"title":"Kontakt - Northerlands Translations AS","robots":{"index":"index","follow":"follow","max-snippet":"max-snippet:-1","max-image-preview":"max-image-preview:large","max-video-preview":"max-video-preview:-1"},"canonical":"https:\/\/northerlandstranslations.no\/no\/kontakt\/","og_locale":"nb_NO","og_type":"article","og_title":"Kontakt - Northerlands Translations AS","og_description":"Ring eller send e-post ved generelle sp\u00f8rsm\u00e5l eller sp\u00f8rsm\u00e5l om l\u00f8pende jobber. Geale De Vriesgealedevries@online.no+47 974 30 196 Informasjonen behandles i henhold til v\u00e5r&nbsp;personvernerkl\u00e6ring.","og_url":"https:\/\/northerlandstranslations.no\/no\/kontakt\/","og_site_name":"Northerlands Translations AS","article_modified_time":"2025-01-19T11:30:12+00:00","og_image":[{"url":"https:\/\/g.acdn.no\/obscura\/API\/dynamic\/r1\/ece5\/tr_1000_2000_s_f\/0000\/hald\/2019\/3\/7\/20\/11LED_01-01-IMG_7190.jpg?chk=F10F80","type":"","width":"","height":""}],"twitter_card":"summary_large_image","schema":{"@context":"https:\/\/schema.org","@graph":[{"@type":"WebPage","@id":"https:\/\/northerlandstranslations.no\/no\/kontakt\/","url":"https:\/\/northerlandstranslations.no\/no\/kontakt\/","name":"Kontakt - Northerlands Translations AS","isPartOf":{"@id":"https:\/\/northerlandstranslations.no\/no\/#website"},"primaryImageOfPage":{"@id":"https:\/\/northerlandstranslations.no\/no\/kontakt\/#primaryimage"},"image":{"@id":"https:\/\/northerlandstranslations.no\/no\/kontakt\/#primaryimage"},"thumbnailUrl":"https:\/\/g.acdn.no\/obscura\/API\/dynamic\/r1\/ece5\/tr_1000_2000_s_f\/0000\/hald\/2019\/3\/7\/20\/11LED_01-01-IMG_7190.jpg?chk=F10F80","datePublished":"2024-10-24T18:26:07+00:00","dateModified":"2025-01-19T11:30:12+00:00","breadcrumb":{"@id":"https:\/\/northerlandstranslations.no\/no\/kontakt\/#breadcrumb"},"inLanguage":"nb-NO","potentialAction":[{"@type":"ReadAction","target":["https:\/\/northerlandstranslations.no\/no\/kontakt\/"]}]},{"@type":"ImageObject","inLanguage":"nb-NO","@id":"https:\/\/northerlandstranslations.no\/no\/kontakt\/#primaryimage","url":"https:\/\/g.acdn.no\/obscura\/API\/dynamic\/r1\/ece5\/tr_1000_2000_s_f\/0000\/hald\/2019\/3\/7\/20\/11LED_01-01-IMG_7190.jpg?chk=F10F80","contentUrl":"https:\/\/g.acdn.no\/obscura\/API\/dynamic\/r1\/ece5\/tr_1000_2000_s_f\/0000\/hald\/2019\/3\/7\/20\/11LED_01-01-IMG_7190.jpg?chk=F10F80"},{"@type":"BreadcrumbList","@id":"https:\/\/northerlandstranslations.no\/no\/kontakt\/#breadcrumb","itemListElement":[{"@type":"ListItem","position":1,"name":"Hjem","item":"https:\/\/northerlandstranslations.no\/"},{"@type":"ListItem","position":2,"name":"Kontakt"}]},{"@type":"WebSite","@id":"https:\/\/northerlandstranslations.no\/no\/#website","url":"https:\/\/northerlandstranslations.no\/no\/","name":"Northerlands Translations AS","description":"Statsautorisert oversetter og kvalifisert tolk","publisher":{"@id":"https:\/\/northerlandstranslations.no\/no\/#organization"},"potentialAction":[{"@type":"SearchAction","target":{"@type":"EntryPoint","urlTemplate":"https:\/\/northerlandstranslations.no\/no\/?s={search_term_string}"},"query-input":{"@type":"PropertyValueSpecification","valueRequired":true,"valueName":"search_term_string"}}],"inLanguage":"nb-NO"},{"@type":"Organization","@id":"https:\/\/northerlandstranslations.no\/no\/#organization","name":"Northerlands Translations AS","url":"https:\/\/northerlandstranslations.no\/no\/","logo":{"@type":"ImageObject","inLanguage":"nb-NO","@id":"https:\/\/northerlandstranslations.no\/no\/#\/schema\/logo\/image\/","url":"https:\/\/northerlandstranslations.no\/wp-content\/uploads\/2024\/11\/Northerlands-Translations-Logo.webp","contentUrl":"https:\/\/northerlandstranslations.no\/wp-content\/uploads\/2024\/11\/Northerlands-Translations-Logo.webp","width":771,"height":220,"caption":"Northerlands Translations AS"},"image":{"@id":"https:\/\/northerlandstranslations.no\/no\/#\/schema\/logo\/image\/"}}]}},"_links":{"self":[{"href":"https:\/\/northerlandstranslations.no\/no\/wp-json\/wp\/v2\/pages\/7","targetHints":{"allow":["GET"]}}],"collection":[{"href":"https:\/\/northerlandstranslations.no\/no\/wp-json\/wp\/v2\/pages"}],"about":[{"href":"https:\/\/northerlandstranslations.no\/no\/wp-json\/wp\/v2\/types\/page"}],"author":[{"embeddable":true,"href":"https:\/\/northerlandstranslations.no\/no\/wp-json\/wp\/v2\/users\/1"}],"replies":[{"embeddable":true,"href":"https:\/\/northerlandstranslations.no\/no\/wp-json\/wp\/v2\/comments?post=7"}],"version-history":[{"count":22,"href":"https:\/\/northerlandstranslations.no\/no\/wp-json\/wp\/v2\/pages\/7\/revisions"}],"predecessor-version":[{"id":365,"href":"https:\/\/northerlandstranslations.no\/no\/wp-json\/wp\/v2\/pages\/7\/revisions\/365"}],"wp:attachment":[{"href":"https:\/\/northerlandstranslations.no\/no\/wp-json\/wp\/v2\/media?parent=7"}],"curies":[{"name":"wp","href":"https:\/\/api.w.org\/{rel}","templated":true}]}}